{"id":120,"date":"2018-08-20T17:18:03","date_gmt":"2018-08-20T15:18:03","guid":{"rendered":"https:\/\/sirenestory.ch\/?page_id=120"},"modified":"2021-09-20T12:19:51","modified_gmt":"2021-09-20T10:19:51","slug":"initiation","status":"publish","type":"page","link":"https:\/\/sirenestory.ch\/?page_id=120","title":{"rendered":"Initiations"},"content":{"rendered":"\n<h2>Initiation Sir\u00e8ne-Triton<br><\/h2>\n\n\n\n<h3 class=\"has-pale-cyan-blue-color has-text-color\"><strong>ENFANTS<\/strong><br><br><\/h3>\n\n\n\n<ul><li>\u00c2ge : d\u00e8s 8 ans.<\/li><li>Pr\u00e9-requis : savoir nager dans le grand bassin et \u00eatre \u00e0 l\u2019aise sous l\u2019eau.<\/li><li>Prix : 25.- la le\u00e7on d\u2019initiation d\u2019une heure (mat\u00e9riel fourni).<\/li><li>Entr\u00e9e \u00e0 la piscine non comprise.<br><br><\/li><\/ul>\n\n\n\n<h4><strong>Le mercredi ou samedi apr\u00e8s-midi, sur inscription<\/strong>.<\/h4>\n\n\n\n<h4><br><br><\/h4>\n\n\n\n<p><\/p>\n\n\n\n<p><\/p>\n\n\n\n<h2>Initiation Sir\u00e8ne-Triton<br><\/h2>\n\n\n\n<h3 class=\"has-pale-cyan-blue-color has-text-color\"><strong>ADULTES<\/strong><br><br><\/h3>\n\n\n\n<ul><li>\u00c2ge : d\u00e8s 15 ans.<\/li><li>Pr\u00e9-requis : savoir nager dans le grand bassin et \u00eatre \u00e0 l\u2019aise sous l\u2019eau.<\/li><li>Prix : 30.- la le\u00e7on d\u2019initiation d\u2019une heure (mat\u00e9riel fourni).<\/li><li>Entr\u00e9e \u00e0 la piscine non comprise.<br><br><\/li><\/ul>\n\n\n\n<p class=\"has-cyan-bluish-gray-color has-text-color\"><strong>SUR RENDEZ-VOUS, merci de nous contacter.<\/strong><br><br><\/p>\n","protected":false},"excerpt":{"rendered":"<p>Initiation Sir\u00e8ne-Triton ENFANTS \u00c2ge : d\u00e8s 8 ans. Pr\u00e9-requis : savoir nager dans le grand bassin et \u00eatre \u00e0 l\u2019aise sous l\u2019eau. Prix : 25.-&#8230;<\/p>\n","protected":false},"author":1,"featured_media":0,"parent":0,"menu_order":0,"comment_status":"closed","ping_status":"closed","template":"","meta":[],"yoast_head":"<!-- This site is optimized with the Yoast SEO plugin v17.6 - https:\/\/yoast.com\/wordpress\/plugins\/seo\/ -->\n<title>Initiations - une histoire de sir\u00e8nes ...<\/title>\n<meta name=\"description\" content=\"Venez vous initier au mermaiding ou nage en piscine avec une queue de sir\u00e8ne.\" \/>\n<meta name=\"robots\" content=\"index, follow, max-snippet:-1, max-image-preview:large, max-video-preview:-1\" \/>\n<link rel=\"canonical\" href=\"https:\/\/sirenestory.ch\/?page_id=120\" \/>\n<meta property=\"og:locale\" content=\"fr_FR\" \/>\n<meta property=\"og:type\" content=\"article\" \/>\n<meta property=\"og:title\" content=\"Initiations - une histoire de sir\u00e8nes ...\" \/>\n<meta property=\"og:description\" content=\"Venez vous initier au mermaiding ou nage en piscine avec une queue de sir\u00e8ne.\" \/>\n<meta property=\"og:url\" content=\"https:\/\/sirenestory.ch\/?page_id=120\" \/>\n<meta property=\"og:site_name\" content=\"une histoire de sir\u00e8nes ...\" \/>\n<meta property=\"article:modified_time\" content=\"2021-09-20T10:19:51+00:00\" \/>\n<meta name=\"twitter:card\" content=\"summary_large_image\" \/>\n<meta name=\"twitter:label1\" content=\"Dur\u00e9e de lecture estim\u00e9e\" \/>\n\t<meta name=\"twitter:data1\" content=\"1 minute\" \/>\n<script type=\"application\/ld+json\" class=\"yoast-schema-graph\">{\"@context\":\"https:\/\/schema.org\",\"@graph\":[{\"@type\":[\"Person\",\"Organization\"],\"@id\":\"https:\/\/sirenestory.ch\/#\/schema\/person\/c4bed59c1e345d69f72caa0f75d011cc\",\"name\":\"Sandrine Germanier\",\"image\":{\"@type\":\"ImageObject\",\"@id\":\"https:\/\/sirenestory.ch\/#personlogo\",\"inLanguage\":\"fr-FR\",\"url\":\"https:\/\/secure.gravatar.com\/avatar\/75667999e326e6b1d02b7ae6f81b5b50?s=96&d=mm&r=g\",\"contentUrl\":\"https:\/\/secure.gravatar.com\/avatar\/75667999e326e6b1d02b7ae6f81b5b50?s=96&d=mm&r=g\",\"caption\":\"Sandrine Germanier\"},\"logo\":{\"@id\":\"https:\/\/sirenestory.ch\/#personlogo\"},\"sameAs\":[\"http:\/\/www.sirenestory.ch\"]},{\"@type\":\"WebSite\",\"@id\":\"https:\/\/sirenestory.ch\/#website\",\"url\":\"https:\/\/sirenestory.ch\/\",\"name\":\"une histoire de sir\\u00e8nes ...\",\"description\":\"Osez le r\\u00eave, plongez avec nous !\",\"publisher\":{\"@id\":\"https:\/\/sirenestory.ch\/#\/schema\/person\/c4bed59c1e345d69f72caa0f75d011cc\"},\"potentialAction\":[{\"@type\":\"SearchAction\",\"target\":{\"@type\":\"EntryPoint\",\"urlTemplate\":\"https:\/\/sirenestory.ch\/?s={search_term_string}\"},\"query-input\":\"required name=search_term_string\"}],\"inLanguage\":\"fr-FR\"},{\"@type\":\"WebPage\",\"@id\":\"https:\/\/sirenestory.ch\/?page_id=120#webpage\",\"url\":\"https:\/\/sirenestory.ch\/?page_id=120\",\"name\":\"Initiations - une histoire de sir\\u00e8nes ...\",\"isPartOf\":{\"@id\":\"https:\/\/sirenestory.ch\/#website\"},\"datePublished\":\"2018-08-20T15:18:03+00:00\",\"dateModified\":\"2021-09-20T10:19:51+00:00\",\"description\":\"Venez vous initier au mermaiding ou nage en piscine avec une queue de sir\\u00e8ne.\",\"breadcrumb\":{\"@id\":\"https:\/\/sirenestory.ch\/?page_id=120#breadcrumb\"},\"inLanguage\":\"fr-FR\",\"potentialAction\":[{\"@type\":\"ReadAction\",\"target\":[\"https:\/\/sirenestory.ch\/?page_id=120\"]}]},{\"@type\":\"BreadcrumbList\",\"@id\":\"https:\/\/sirenestory.ch\/?page_id=120#breadcrumb\",\"itemListElement\":[{\"@type\":\"ListItem\",\"position\":1,\"name\":\"Accueil\",\"item\":\"https:\/\/sirenestory.ch\/\"},{\"@type\":\"ListItem\",\"position\":2,\"name\":\"Initiations\"}]}]}<\/script>\n<!-- \/ Yoast SEO plugin. -->","yoast_head_json":{"title":"Initiations - une histoire de sir\u00e8nes ...","description":"Venez vous initier au mermaiding ou nage en piscine avec une queue de sir\u00e8ne.","robots":{"index":"index","follow":"follow","max-snippet":"max-snippet:-1","max-image-preview":"max-image-preview:large","max-video-preview":"max-video-preview:-1"},"canonical":"https:\/\/sirenestory.ch\/?page_id=120","og_locale":"fr_FR","og_type":"article","og_title":"Initiations - une histoire de sir\u00e8nes ...","og_description":"Venez vous initier au mermaiding ou nage en piscine avec une queue de sir\u00e8ne.","og_url":"https:\/\/sirenestory.ch\/?page_id=120","og_site_name":"une histoire de sir\u00e8nes ...","article_modified_time":"2021-09-20T10:19:51+00:00","twitter_card":"summary_large_image","twitter_misc":{"Dur\u00e9e de lecture estim\u00e9e":"1 minute"},"schema":{"@context":"https:\/\/schema.org","@graph":[{"@type":["Person","Organization"],"@id":"https:\/\/sirenestory.ch\/#\/schema\/person\/c4bed59c1e345d69f72caa0f75d011cc","name":"Sandrine Germanier","image":{"@type":"ImageObject","@id":"https:\/\/sirenestory.ch\/#personlogo","inLanguage":"fr-FR","url":"https:\/\/secure.gravatar.com\/avatar\/75667999e326e6b1d02b7ae6f81b5b50?s=96&d=mm&r=g","contentUrl":"https:\/\/secure.gravatar.com\/avatar\/75667999e326e6b1d02b7ae6f81b5b50?s=96&d=mm&r=g","caption":"Sandrine Germanier"},"logo":{"@id":"https:\/\/sirenestory.ch\/#personlogo"},"sameAs":["http:\/\/www.sirenestory.ch"]},{"@type":"WebSite","@id":"https:\/\/sirenestory.ch\/#website","url":"https:\/\/sirenestory.ch\/","name":"une histoire de sir\u00e8nes ...","description":"Osez le r\u00eave, plongez avec nous !","publisher":{"@id":"https:\/\/sirenestory.ch\/#\/schema\/person\/c4bed59c1e345d69f72caa0f75d011cc"},"potentialAction":[{"@type":"SearchAction","target":{"@type":"EntryPoint","urlTemplate":"https:\/\/sirenestory.ch\/?s={search_term_string}"},"query-input":"required name=search_term_string"}],"inLanguage":"fr-FR"},{"@type":"WebPage","@id":"https:\/\/sirenestory.ch\/?page_id=120#webpage","url":"https:\/\/sirenestory.ch\/?page_id=120","name":"Initiations - une histoire de sir\u00e8nes ...","isPartOf":{"@id":"https:\/\/sirenestory.ch\/#website"},"datePublished":"2018-08-20T15:18:03+00:00","dateModified":"2021-09-20T10:19:51+00:00","description":"Venez vous initier au mermaiding ou nage en piscine avec une queue de sir\u00e8ne.","breadcrumb":{"@id":"https:\/\/sirenestory.ch\/?page_id=120#breadcrumb"},"inLanguage":"fr-FR","potentialAction":[{"@type":"ReadAction","target":["https:\/\/sirenestory.ch\/?page_id=120"]}]},{"@type":"BreadcrumbList","@id":"https:\/\/sirenestory.ch\/?page_id=120#breadcrumb","itemListElement":[{"@type":"ListItem","position":1,"name":"Accueil","item":"https:\/\/sirenestory.ch\/"},{"@type":"ListItem","position":2,"name":"Initiations"}]}]}},"_links":{"self":[{"href":"https:\/\/sirenestory.ch\/index.php?rest_route=\/wp\/v2\/pages\/120"}],"collection":[{"href":"https:\/\/sirenestory.ch\/index.php?rest_route=\/wp\/v2\/pages"}],"about":[{"href":"https:\/\/sirenestory.ch\/index.php?rest_route=\/wp\/v2\/types\/page"}],"author":[{"embeddable":true,"href":"https:\/\/sirenestory.ch\/index.php?rest_route=\/wp\/v2\/users\/1"}],"replies":[{"embeddable":true,"href":"https:\/\/sirenestory.ch\/index.php?rest_route=%2Fwp%2Fv2%2Fcomments&post=120"}],"version-history":[{"count":73,"href":"https:\/\/sirenestory.ch\/index.php?rest_route=\/wp\/v2\/pages\/120\/revisions"}],"predecessor-version":[{"id":780,"href":"https:\/\/sirenestory.ch\/index.php?rest_route=\/wp\/v2\/pages\/120\/revisions\/780"}],"wp:attachment":[{"href":"https:\/\/sirenestory.ch\/index.php?rest_route=%2Fwp%2Fv2%2Fmedia&parent=120"}],"curies":[{"name":"wp","href":"https:\/\/api.w.org\/{rel}","templated":true}]}}