{"id":255,"date":"2018-08-21T08:55:18","date_gmt":"2018-08-21T06:55:18","guid":{"rendered":"https:\/\/sirenestory.ch\/?page_id=255"},"modified":"2021-02-07T16:18:34","modified_gmt":"2021-02-07T15:18:34","slug":"contact","status":"publish","type":"page","link":"https:\/\/sirenestory.ch\/?page_id=255","title":{"rendered":"Contact"},"content":{"rendered":"\n<p class=\"has-text-align-left\" style=\"font-size:17px\"><strong><\/strong><\/p>\n\n\n\n<p class=\"has-text-align-center\"><strong>Tous nos cours ont lieu \u00e0 la piscine du<\/strong><br><\/p>\n\n\n\n<p class=\"has-text-align-center\">Centre Sportif de St-Maurice<br>Rte du L\u00e9man \u2022 1891 St-Maurice<br>024 486 22 65<br><br><br><\/p>\n\n\n\n<p class=\"has-text-align-center\"><strong>Pour les inscriptions ou demandes de renseignements<\/strong><br><strong>merci de nous contacter ici :<\/strong><br><\/p>\n\n\n\n<p class=\"has-text-align-center\" style=\"font-size:23px\"><strong>Sandrine Germanier<\/strong><br><strong>078 836 32 83<\/strong><br><\/p>\n\n\n\n<div class=\"wp-block-group\"><div class=\"wp-block-group__inner-container\">\n<p class=\"has-text-align-center\"><a href=\"mailto:sirenestory@gmail.com\">sirenestory@gmail.com<\/a><\/p>\n\n\n\n<p class=\"has-text-align-center\"><br><a href=\"https:\/\/www.facebook.com\/sirene.story\/\" target=\"_blank\" rel=\"noreferrer noopener\">Page Facebook Sir\u00e8ne Story<\/a><br><a href=\"https:\/\/www.instagram.com\/sirenestory\/\" target=\"_blank\" rel=\"noreferrer noopener\">Instagram sirenestory<\/a><a href=\"https:\/\/www.instagram.com\/sirenestory\/\" target=\"_blank\" rel=\"noreferrer noopener\"><\/a><\/p>\n<\/div><\/div>\n\n\n\n<div class=\"wp-block-group\"><div class=\"wp-block-group__inner-container\"><\/div><\/div>\n","protected":false},"excerpt":{"rendered":"<p>Tous nos cours ont lieu \u00e0 la piscine du Centre Sportif de St-MauriceRte du L\u00e9man \u2022 1891 St-Maurice024 486 22 65 Pour les inscriptions ou&#8230;<\/p>\n","protected":false},"author":1,"featured_media":0,"parent":0,"menu_order":0,"comment_status":"closed","ping_status":"closed","template":"","meta":[],"yoast_head":"<!-- This site is optimized with the Yoast SEO plugin v17.6 - https:\/\/yoast.com\/wordpress\/plugins\/seo\/ -->\n<title>Contact - une histoire de sir\u00e8nes ...<\/title>\n<meta name=\"description\" content=\"Contactez-nous pour avoir des informations ou vous inscrire - Sandrine Germanier 078 836 32 83\" \/>\n<meta name=\"robots\" content=\"index, follow, max-snippet:-1, max-image-preview:large, max-video-preview:-1\" \/>\n<link rel=\"canonical\" href=\"https:\/\/sirenestory.ch\/?page_id=255\" \/>\n<meta property=\"og:locale\" content=\"fr_FR\" \/>\n<meta property=\"og:type\" content=\"article\" \/>\n<meta property=\"og:title\" content=\"Contact - une histoire de sir\u00e8nes ...\" \/>\n<meta property=\"og:description\" content=\"Contactez-nous pour avoir des informations ou vous inscrire - Sandrine Germanier 078 836 32 83\" \/>\n<meta property=\"og:url\" content=\"https:\/\/sirenestory.ch\/?page_id=255\" \/>\n<meta property=\"og:site_name\" content=\"une histoire de sir\u00e8nes ...\" \/>\n<meta property=\"article:modified_time\" content=\"2021-02-07T15:18:34+00:00\" \/>\n<meta name=\"twitter:card\" content=\"summary_large_image\" \/>\n<meta name=\"twitter:label1\" content=\"Dur\u00e9e de lecture estim\u00e9e\" \/>\n\t<meta name=\"twitter:data1\" content=\"1 minute\" \/>\n<script type=\"application\/ld+json\" class=\"yoast-schema-graph\">{\"@context\":\"https:\/\/schema.org\",\"@graph\":[{\"@type\":[\"Person\",\"Organization\"],\"@id\":\"https:\/\/sirenestory.ch\/#\/schema\/person\/c4bed59c1e345d69f72caa0f75d011cc\",\"name\":\"Sandrine Germanier\",\"image\":{\"@type\":\"ImageObject\",\"@id\":\"https:\/\/sirenestory.ch\/#personlogo\",\"inLanguage\":\"fr-FR\",\"url\":\"https:\/\/secure.gravatar.com\/avatar\/75667999e326e6b1d02b7ae6f81b5b50?s=96&d=mm&r=g\",\"contentUrl\":\"https:\/\/secure.gravatar.com\/avatar\/75667999e326e6b1d02b7ae6f81b5b50?s=96&d=mm&r=g\",\"caption\":\"Sandrine Germanier\"},\"logo\":{\"@id\":\"https:\/\/sirenestory.ch\/#personlogo\"},\"sameAs\":[\"http:\/\/www.sirenestory.ch\"]},{\"@type\":\"WebSite\",\"@id\":\"https:\/\/sirenestory.ch\/#website\",\"url\":\"https:\/\/sirenestory.ch\/\",\"name\":\"une histoire de sir\\u00e8nes ...\",\"description\":\"Osez le r\\u00eave, plongez avec nous !\",\"publisher\":{\"@id\":\"https:\/\/sirenestory.ch\/#\/schema\/person\/c4bed59c1e345d69f72caa0f75d011cc\"},\"potentialAction\":[{\"@type\":\"SearchAction\",\"target\":{\"@type\":\"EntryPoint\",\"urlTemplate\":\"https:\/\/sirenestory.ch\/?s={search_term_string}\"},\"query-input\":\"required name=search_term_string\"}],\"inLanguage\":\"fr-FR\"},{\"@type\":\"WebPage\",\"@id\":\"https:\/\/sirenestory.ch\/?page_id=255#webpage\",\"url\":\"https:\/\/sirenestory.ch\/?page_id=255\",\"name\":\"Contact - une histoire de sir\\u00e8nes ...\",\"isPartOf\":{\"@id\":\"https:\/\/sirenestory.ch\/#website\"},\"datePublished\":\"2018-08-21T06:55:18+00:00\",\"dateModified\":\"2021-02-07T15:18:34+00:00\",\"description\":\"Contactez-nous pour avoir des informations ou vous inscrire - Sandrine Germanier 078 836 32 83\",\"breadcrumb\":{\"@id\":\"https:\/\/sirenestory.ch\/?page_id=255#breadcrumb\"},\"inLanguage\":\"fr-FR\",\"potentialAction\":[{\"@type\":\"ReadAction\",\"target\":[\"https:\/\/sirenestory.ch\/?page_id=255\"]}]},{\"@type\":\"BreadcrumbList\",\"@id\":\"https:\/\/sirenestory.ch\/?page_id=255#breadcrumb\",\"itemListElement\":[{\"@type\":\"ListItem\",\"position\":1,\"name\":\"Accueil\",\"item\":\"https:\/\/sirenestory.ch\/\"},{\"@type\":\"ListItem\",\"position\":2,\"name\":\"Contact\"}]}]}<\/script>\n<!-- \/ Yoast SEO plugin. -->","yoast_head_json":{"title":"Contact - une histoire de sir\u00e8nes ...","description":"Contactez-nous pour avoir des informations ou vous inscrire - Sandrine Germanier 078 836 32 83","robots":{"index":"index","follow":"follow","max-snippet":"max-snippet:-1","max-image-preview":"max-image-preview:large","max-video-preview":"max-video-preview:-1"},"canonical":"https:\/\/sirenestory.ch\/?page_id=255","og_locale":"fr_FR","og_type":"article","og_title":"Contact - une histoire de sir\u00e8nes ...","og_description":"Contactez-nous pour avoir des informations ou vous inscrire - Sandrine Germanier 078 836 32 83","og_url":"https:\/\/sirenestory.ch\/?page_id=255","og_site_name":"une histoire de sir\u00e8nes ...","article_modified_time":"2021-02-07T15:18:34+00:00","twitter_card":"summary_large_image","twitter_misc":{"Dur\u00e9e de lecture estim\u00e9e":"1 minute"},"schema":{"@context":"https:\/\/schema.org","@graph":[{"@type":["Person","Organization"],"@id":"https:\/\/sirenestory.ch\/#\/schema\/person\/c4bed59c1e345d69f72caa0f75d011cc","name":"Sandrine Germanier","image":{"@type":"ImageObject","@id":"https:\/\/sirenestory.ch\/#personlogo","inLanguage":"fr-FR","url":"https:\/\/secure.gravatar.com\/avatar\/75667999e326e6b1d02b7ae6f81b5b50?s=96&d=mm&r=g","contentUrl":"https:\/\/secure.gravatar.com\/avatar\/75667999e326e6b1d02b7ae6f81b5b50?s=96&d=mm&r=g","caption":"Sandrine Germanier"},"logo":{"@id":"https:\/\/sirenestory.ch\/#personlogo"},"sameAs":["http:\/\/www.sirenestory.ch"]},{"@type":"WebSite","@id":"https:\/\/sirenestory.ch\/#website","url":"https:\/\/sirenestory.ch\/","name":"une histoire de sir\u00e8nes ...","description":"Osez le r\u00eave, plongez avec nous !","publisher":{"@id":"https:\/\/sirenestory.ch\/#\/schema\/person\/c4bed59c1e345d69f72caa0f75d011cc"},"potentialAction":[{"@type":"SearchAction","target":{"@type":"EntryPoint","urlTemplate":"https:\/\/sirenestory.ch\/?s={search_term_string}"},"query-input":"required name=search_term_string"}],"inLanguage":"fr-FR"},{"@type":"WebPage","@id":"https:\/\/sirenestory.ch\/?page_id=255#webpage","url":"https:\/\/sirenestory.ch\/?page_id=255","name":"Contact - une histoire de sir\u00e8nes ...","isPartOf":{"@id":"https:\/\/sirenestory.ch\/#website"},"datePublished":"2018-08-21T06:55:18+00:00","dateModified":"2021-02-07T15:18:34+00:00","description":"Contactez-nous pour avoir des informations ou vous inscrire - Sandrine Germanier 078 836 32 83","breadcrumb":{"@id":"https:\/\/sirenestory.ch\/?page_id=255#breadcrumb"},"inLanguage":"fr-FR","potentialAction":[{"@type":"ReadAction","target":["https:\/\/sirenestory.ch\/?page_id=255"]}]},{"@type":"BreadcrumbList","@id":"https:\/\/sirenestory.ch\/?page_id=255#breadcrumb","itemListElement":[{"@type":"ListItem","position":1,"name":"Accueil","item":"https:\/\/sirenestory.ch\/"},{"@type":"ListItem","position":2,"name":"Contact"}]}]}},"_links":{"self":[{"href":"https:\/\/sirenestory.ch\/index.php?rest_route=\/wp\/v2\/pages\/255"}],"collection":[{"href":"https:\/\/sirenestory.ch\/index.php?rest_route=\/wp\/v2\/pages"}],"about":[{"href":"https:\/\/sirenestory.ch\/index.php?rest_route=\/wp\/v2\/types\/page"}],"author":[{"embeddable":true,"href":"https:\/\/sirenestory.ch\/index.php?rest_route=\/wp\/v2\/users\/1"}],"replies":[{"embeddable":true,"href":"https:\/\/sirenestory.ch\/index.php?rest_route=%2Fwp%2Fv2%2Fcomments&post=255"}],"version-history":[{"count":29,"href":"https:\/\/sirenestory.ch\/index.php?rest_route=\/wp\/v2\/pages\/255\/revisions"}],"predecessor-version":[{"id":688,"href":"https:\/\/sirenestory.ch\/index.php?rest_route=\/wp\/v2\/pages\/255\/revisions\/688"}],"wp:attachment":[{"href":"https:\/\/sirenestory.ch\/index.php?rest_route=%2Fwp%2Fv2%2Fmedia&parent=255"}],"curies":[{"name":"wp","href":"https:\/\/api.w.org\/{rel}","templated":true}]}}