{"id":416,"date":"2018-08-30T15:27:47","date_gmt":"2018-08-30T13:27:47","guid":{"rendered":"https:\/\/sirenestory.ch\/?page_id=416"},"modified":"2021-09-20T11:38:30","modified_gmt":"2021-09-20T09:38:30","slug":"profil","status":"publish","type":"page","link":"https:\/\/sirenestory.ch\/?page_id=416","title":{"rendered":"Profil"},"content":{"rendered":"\n<h2><strong>SANDRINE<\/strong> GERMANIER<strong><\/strong><\/h2>\n\n\n\n<p>Sandrine Germanier a pratiqu\u00e9 la natation synchronis\u00e9e pendant plus de 20 ans, en tant qu\u2019athl\u00e8te, entra\u00eeneur et juge. En 2003, elle met en sc\u00e8ne le spectacle aquatique \u00ab&nbsp;La Petite Sir\u00e8ne&nbsp;\u00bb \u00e0 la piscine de St-Maurice puis en 2008 \u00ab&nbsp;Peter Pan&nbsp;\u00bb \u00e0 la piscine de Monthey.&nbsp;En 2007, elle rejoint l\u2019\u00e9quipe d\u2019Histoire d\u2019H2O o\u00f9 elle donne des cours de natation enfantine et anime le cours d\u2019accoutumance \u00e0 l\u2019eau parent-enfant.&nbsp;Passionn\u00e9e par le monde de l\u2019eau et l\u2019enseignement, elle aime transmettre ses connaissances aux enfants et les voir progresser.&nbsp;En janvier 2016, elle cr\u00e9e Sir\u00e8ne Story. Cette nouvelle discipline lui permet de faire d\u00e9couvrir le monde f\u00e9erique des sir\u00e8nes aux jeunes tout en leur enseignant les bases de la natation synchronis\u00e9e et de l\u2019apn\u00e9e. <\/p>\n\n\n\n<figure class=\"wp-block-image size-large\"><img loading=\"lazy\" width=\"683\" height=\"1024\" src=\"https:\/\/sirenestory.ch\/wp-content\/uploads\/2020\/08\/IMG-20200702-WA0022-1-683x1024.jpg\" alt=\"\" class=\"wp-image-697\" srcset=\"https:\/\/sirenestory.ch\/wp-content\/uploads\/2020\/08\/IMG-20200702-WA0022-1-683x1024.jpg 683w, https:\/\/sirenestory.ch\/wp-content\/uploads\/2020\/08\/IMG-20200702-WA0022-1-267x400.jpg 267w, https:\/\/sirenestory.ch\/wp-content\/uploads\/2020\/08\/IMG-20200702-WA0022-1-768x1152.jpg 768w, https:\/\/sirenestory.ch\/wp-content\/uploads\/2020\/08\/IMG-20200702-WA0022-1-1024x1536.jpg 1024w, https:\/\/sirenestory.ch\/wp-content\/uploads\/2020\/08\/IMG-20200702-WA0022-1.jpg 1229w\" sizes=\"(max-width: 683px) 100vw, 683px\" \/><\/figure>\n\n\n\n<h3>Formation<\/h3>\n\n\n\n<ul><li>Assistante en pharmacie<\/li><li>Brevet J&amp;S Entra\u00eeneur 2 Natation synchronis\u00e9e<\/li><li>Brevet J&amp;S Moniteur B Natation<\/li><li>Module J&amp;S le monde subaquatique<\/li><li>Brevet J&amp;S Gym et Danse<\/li><li>Brevet FSG Gym parent-enfant<\/li><li>Membre de la SSS de Monthey BLS-AED et brevet Plus Pool<\/li><li>Formation Mermaiding avec Ilaria Molinari, Italie<\/li><li>Formation freediving avec Phil Shima et Nik Linder<\/li><li>Brevet Mermaid SSI<\/li><\/ul>\n\n\n\n<p><\/p>\n","protected":false},"excerpt":{"rendered":"<p>SANDRINE GERMANIER Sandrine Germanier a pratiqu\u00e9 la natation synchronis\u00e9e pendant plus de 20 ans, en tant qu\u2019athl\u00e8te, entra\u00eeneur et juge. En 2003, elle met en&#8230;<\/p>\n","protected":false},"author":1,"featured_media":0,"parent":0,"menu_order":0,"comment_status":"closed","ping_status":"closed","template":"","meta":[],"yoast_head":"<!-- This site is optimized with the Yoast SEO plugin v17.6 - https:\/\/yoast.com\/wordpress\/plugins\/seo\/ -->\n<title>Profil - une histoire de sir\u00e8nes ...<\/title>\n<meta name=\"description\" content=\"Sandrine Germanier a pratiqu\u00e9 la natation synchronis\u00e9e pendant plus de 20 ans, en tant qu\u2019athl\u00e8te, entra\u00eeneur et juge. (...) En janvier 2016, elle cr\u00e9e Sir\u00e8ne Story. Cette nouvelle discipline lui permet de faire d\u00e9couvrir le monde f\u00e9erique des sir\u00e8nes aux jeunes tout en leur enseignant les bases de la natation synchronis\u00e9e et de l\u2019apn\u00e9e.\" \/>\n<meta name=\"robots\" content=\"index, follow, max-snippet:-1, max-image-preview:large, max-video-preview:-1\" \/>\n<link rel=\"canonical\" href=\"https:\/\/sirenestory.ch\/?page_id=416\" \/>\n<meta property=\"og:locale\" content=\"fr_FR\" \/>\n<meta property=\"og:type\" content=\"article\" \/>\n<meta property=\"og:title\" content=\"Profil - une histoire de sir\u00e8nes ...\" \/>\n<meta property=\"og:description\" content=\"Sandrine Germanier a pratiqu\u00e9 la natation synchronis\u00e9e pendant plus de 20 ans, en tant qu\u2019athl\u00e8te, entra\u00eeneur et juge. (...) En janvier 2016, elle cr\u00e9e Sir\u00e8ne Story. Cette nouvelle discipline lui permet de faire d\u00e9couvrir le monde f\u00e9erique des sir\u00e8nes aux jeunes tout en leur enseignant les bases de la natation synchronis\u00e9e et de l\u2019apn\u00e9e.\" \/>\n<meta property=\"og:url\" content=\"https:\/\/sirenestory.ch\/?page_id=416\" \/>\n<meta property=\"og:site_name\" content=\"une histoire de sir\u00e8nes ...\" \/>\n<meta property=\"article:modified_time\" content=\"2021-09-20T09:38:30+00:00\" \/>\n<meta property=\"og:image\" content=\"https:\/\/sirenestory.ch\/wp-content\/uploads\/2020\/08\/IMG-20200702-WA0022-1-683x1024.jpg\" \/>\n<meta name=\"twitter:card\" content=\"summary_large_image\" \/>\n<meta name=\"twitter:label1\" content=\"Dur\u00e9e de lecture estim\u00e9e\" \/>\n\t<meta name=\"twitter:data1\" content=\"1 minute\" \/>\n<script type=\"application\/ld+json\" class=\"yoast-schema-graph\">{\"@context\":\"https:\/\/schema.org\",\"@graph\":[{\"@type\":[\"Person\",\"Organization\"],\"@id\":\"https:\/\/sirenestory.ch\/#\/schema\/person\/c4bed59c1e345d69f72caa0f75d011cc\",\"name\":\"Sandrine Germanier\",\"image\":{\"@type\":\"ImageObject\",\"@id\":\"https:\/\/sirenestory.ch\/#personlogo\",\"inLanguage\":\"fr-FR\",\"url\":\"https:\/\/secure.gravatar.com\/avatar\/75667999e326e6b1d02b7ae6f81b5b50?s=96&d=mm&r=g\",\"contentUrl\":\"https:\/\/secure.gravatar.com\/avatar\/75667999e326e6b1d02b7ae6f81b5b50?s=96&d=mm&r=g\",\"caption\":\"Sandrine Germanier\"},\"logo\":{\"@id\":\"https:\/\/sirenestory.ch\/#personlogo\"},\"sameAs\":[\"http:\/\/www.sirenestory.ch\"]},{\"@type\":\"WebSite\",\"@id\":\"https:\/\/sirenestory.ch\/#website\",\"url\":\"https:\/\/sirenestory.ch\/\",\"name\":\"une histoire de sir\\u00e8nes ...\",\"description\":\"Osez le r\\u00eave, plongez avec nous !\",\"publisher\":{\"@id\":\"https:\/\/sirenestory.ch\/#\/schema\/person\/c4bed59c1e345d69f72caa0f75d011cc\"},\"potentialAction\":[{\"@type\":\"SearchAction\",\"target\":{\"@type\":\"EntryPoint\",\"urlTemplate\":\"https:\/\/sirenestory.ch\/?s={search_term_string}\"},\"query-input\":\"required name=search_term_string\"}],\"inLanguage\":\"fr-FR\"},{\"@type\":\"ImageObject\",\"@id\":\"https:\/\/sirenestory.ch\/?page_id=416#primaryimage\",\"inLanguage\":\"fr-FR\",\"url\":\"https:\/\/sirenestory.ch\/wp-content\/uploads\/2020\/08\/IMG-20200702-WA0022-1.jpg\",\"contentUrl\":\"https:\/\/sirenestory.ch\/wp-content\/uploads\/2020\/08\/IMG-20200702-WA0022-1.jpg\",\"width\":1229,\"height\":1843},{\"@type\":\"WebPage\",\"@id\":\"https:\/\/sirenestory.ch\/?page_id=416#webpage\",\"url\":\"https:\/\/sirenestory.ch\/?page_id=416\",\"name\":\"Profil - une histoire de sir\\u00e8nes ...\",\"isPartOf\":{\"@id\":\"https:\/\/sirenestory.ch\/#website\"},\"primaryImageOfPage\":{\"@id\":\"https:\/\/sirenestory.ch\/?page_id=416#primaryimage\"},\"datePublished\":\"2018-08-30T13:27:47+00:00\",\"dateModified\":\"2021-09-20T09:38:30+00:00\",\"description\":\"Sandrine Germanier a pratiqu\\u00e9 la natation synchronis\\u00e9e pendant plus de 20 ans, en tant qu\\u2019athl\\u00e8te, entra\\u00eeneur et juge. (...) En janvier 2016, elle cr\\u00e9e Sir\\u00e8ne Story. Cette nouvelle discipline lui permet de faire d\\u00e9couvrir le monde f\\u00e9erique des sir\\u00e8nes aux jeunes tout en leur enseignant les bases de la natation synchronis\\u00e9e et de l\\u2019apn\\u00e9e.\",\"breadcrumb\":{\"@id\":\"https:\/\/sirenestory.ch\/?page_id=416#breadcrumb\"},\"inLanguage\":\"fr-FR\",\"potentialAction\":[{\"@type\":\"ReadAction\",\"target\":[\"https:\/\/sirenestory.ch\/?page_id=416\"]}]},{\"@type\":\"BreadcrumbList\",\"@id\":\"https:\/\/sirenestory.ch\/?page_id=416#breadcrumb\",\"itemListElement\":[{\"@type\":\"ListItem\",\"position\":1,\"name\":\"Accueil\",\"item\":\"https:\/\/sirenestory.ch\/\"},{\"@type\":\"ListItem\",\"position\":2,\"name\":\"Profil\"}]}]}<\/script>\n<!-- \/ Yoast SEO plugin. -->","yoast_head_json":{"title":"Profil - une histoire de sir\u00e8nes ...","description":"Sandrine Germanier a pratiqu\u00e9 la natation synchronis\u00e9e pendant plus de 20 ans, en tant qu\u2019athl\u00e8te, entra\u00eeneur et juge. (...) En janvier 2016, elle cr\u00e9e Sir\u00e8ne Story. Cette nouvelle discipline lui permet de faire d\u00e9couvrir le monde f\u00e9erique des sir\u00e8nes aux jeunes tout en leur enseignant les bases de la natation synchronis\u00e9e et de l\u2019apn\u00e9e.","robots":{"index":"index","follow":"follow","max-snippet":"max-snippet:-1","max-image-preview":"max-image-preview:large","max-video-preview":"max-video-preview:-1"},"canonical":"https:\/\/sirenestory.ch\/?page_id=416","og_locale":"fr_FR","og_type":"article","og_title":"Profil - une histoire de sir\u00e8nes ...","og_description":"Sandrine Germanier a pratiqu\u00e9 la natation synchronis\u00e9e pendant plus de 20 ans, en tant qu\u2019athl\u00e8te, entra\u00eeneur et juge. (...) En janvier 2016, elle cr\u00e9e Sir\u00e8ne Story. Cette nouvelle discipline lui permet de faire d\u00e9couvrir le monde f\u00e9erique des sir\u00e8nes aux jeunes tout en leur enseignant les bases de la natation synchronis\u00e9e et de l\u2019apn\u00e9e.","og_url":"https:\/\/sirenestory.ch\/?page_id=416","og_site_name":"une histoire de sir\u00e8nes ...","article_modified_time":"2021-09-20T09:38:30+00:00","og_image":[{"url":"https:\/\/sirenestory.ch\/wp-content\/uploads\/2020\/08\/IMG-20200702-WA0022-1-683x1024.jpg"}],"twitter_card":"summary_large_image","twitter_misc":{"Dur\u00e9e de lecture estim\u00e9e":"1 minute"},"schema":{"@context":"https:\/\/schema.org","@graph":[{"@type":["Person","Organization"],"@id":"https:\/\/sirenestory.ch\/#\/schema\/person\/c4bed59c1e345d69f72caa0f75d011cc","name":"Sandrine Germanier","image":{"@type":"ImageObject","@id":"https:\/\/sirenestory.ch\/#personlogo","inLanguage":"fr-FR","url":"https:\/\/secure.gravatar.com\/avatar\/75667999e326e6b1d02b7ae6f81b5b50?s=96&d=mm&r=g","contentUrl":"https:\/\/secure.gravatar.com\/avatar\/75667999e326e6b1d02b7ae6f81b5b50?s=96&d=mm&r=g","caption":"Sandrine Germanier"},"logo":{"@id":"https:\/\/sirenestory.ch\/#personlogo"},"sameAs":["http:\/\/www.sirenestory.ch"]},{"@type":"WebSite","@id":"https:\/\/sirenestory.ch\/#website","url":"https:\/\/sirenestory.ch\/","name":"une histoire de sir\u00e8nes ...","description":"Osez le r\u00eave, plongez avec nous !","publisher":{"@id":"https:\/\/sirenestory.ch\/#\/schema\/person\/c4bed59c1e345d69f72caa0f75d011cc"},"potentialAction":[{"@type":"SearchAction","target":{"@type":"EntryPoint","urlTemplate":"https:\/\/sirenestory.ch\/?s={search_term_string}"},"query-input":"required name=search_term_string"}],"inLanguage":"fr-FR"},{"@type":"ImageObject","@id":"https:\/\/sirenestory.ch\/?page_id=416#primaryimage","inLanguage":"fr-FR","url":"https:\/\/sirenestory.ch\/wp-content\/uploads\/2020\/08\/IMG-20200702-WA0022-1.jpg","contentUrl":"https:\/\/sirenestory.ch\/wp-content\/uploads\/2020\/08\/IMG-20200702-WA0022-1.jpg","width":1229,"height":1843},{"@type":"WebPage","@id":"https:\/\/sirenestory.ch\/?page_id=416#webpage","url":"https:\/\/sirenestory.ch\/?page_id=416","name":"Profil - une histoire de sir\u00e8nes ...","isPartOf":{"@id":"https:\/\/sirenestory.ch\/#website"},"primaryImageOfPage":{"@id":"https:\/\/sirenestory.ch\/?page_id=416#primaryimage"},"datePublished":"2018-08-30T13:27:47+00:00","dateModified":"2021-09-20T09:38:30+00:00","description":"Sandrine Germanier a pratiqu\u00e9 la natation synchronis\u00e9e pendant plus de 20 ans, en tant qu\u2019athl\u00e8te, entra\u00eeneur et juge. (...) En janvier 2016, elle cr\u00e9e Sir\u00e8ne Story. Cette nouvelle discipline lui permet de faire d\u00e9couvrir le monde f\u00e9erique des sir\u00e8nes aux jeunes tout en leur enseignant les bases de la natation synchronis\u00e9e et de l\u2019apn\u00e9e.","breadcrumb":{"@id":"https:\/\/sirenestory.ch\/?page_id=416#breadcrumb"},"inLanguage":"fr-FR","potentialAction":[{"@type":"ReadAction","target":["https:\/\/sirenestory.ch\/?page_id=416"]}]},{"@type":"BreadcrumbList","@id":"https:\/\/sirenestory.ch\/?page_id=416#breadcrumb","itemListElement":[{"@type":"ListItem","position":1,"name":"Accueil","item":"https:\/\/sirenestory.ch\/"},{"@type":"ListItem","position":2,"name":"Profil"}]}]}},"_links":{"self":[{"href":"https:\/\/sirenestory.ch\/index.php?rest_route=\/wp\/v2\/pages\/416"}],"collection":[{"href":"https:\/\/sirenestory.ch\/index.php?rest_route=\/wp\/v2\/pages"}],"about":[{"href":"https:\/\/sirenestory.ch\/index.php?rest_route=\/wp\/v2\/types\/page"}],"author":[{"embeddable":true,"href":"https:\/\/sirenestory.ch\/index.php?rest_route=\/wp\/v2\/users\/1"}],"replies":[{"embeddable":true,"href":"https:\/\/sirenestory.ch\/index.php?rest_route=%2Fwp%2Fv2%2Fcomments&post=416"}],"version-history":[{"count":7,"href":"https:\/\/sirenestory.ch\/index.php?rest_route=\/wp\/v2\/pages\/416\/revisions"}],"predecessor-version":[{"id":775,"href":"https:\/\/sirenestory.ch\/index.php?rest_route=\/wp\/v2\/pages\/416\/revisions\/775"}],"wp:attachment":[{"href":"https:\/\/sirenestory.ch\/index.php?rest_route=%2Fwp%2Fv2%2Fmedia&parent=416"}],"curies":[{"name":"wp","href":"https:\/\/api.w.org\/{rel}","templated":true}]}}