{"id":447,"date":"2018-08-30T15:54:08","date_gmt":"2018-08-30T13:54:08","guid":{"rendered":"https:\/\/sirenestory.ch\/?page_id=447"},"modified":"2018-09-17T12:03:48","modified_gmt":"2018-09-17T10:03:48","slug":"bienvenue","status":"publish","type":"page","link":"https:\/\/sirenestory.ch\/","title":{"rendered":""},"content":{"rendered":"\n<h2 style=\"text-align:center\"><em>Bienvenue<br\/>dans un monde<br\/>merveilleux !<br\/><br\/><br\/><\/em><\/h2>\n","protected":false},"excerpt":{"rendered":"<p>Bienvenuedans un mondemerveilleux !<\/p>\n","protected":false},"author":1,"featured_media":0,"parent":0,"menu_order":0,"comment_status":"closed","ping_status":"closed","template":"","meta":[],"yoast_head":"<!-- This site is optimized with the Yoast SEO plugin v17.6 - https:\/\/yoast.com\/wordpress\/plugins\/seo\/ -->\n<title>- une histoire de sir\u00e8nes ...<\/title>\n<meta name=\"description\" content=\"Le monde merveilleux des sir\u00e8nes ! Cours, anniversaires, enterrements de vie de jeune fille - enfant ou adulte, venez apprendre \u00e0 nager avec une queue de sir\u00e8ne.\" \/>\n<meta name=\"robots\" content=\"index, follow, max-snippet:-1, max-image-preview:large, max-video-preview:-1\" \/>\n<link rel=\"canonical\" href=\"https:\/\/sirenestory.ch\/\" \/>\n<meta property=\"og:locale\" content=\"fr_FR\" \/>\n<meta property=\"og:type\" content=\"article\" \/>\n<meta property=\"og:title\" content=\"- une histoire de sir\u00e8nes ...\" \/>\n<meta property=\"og:description\" content=\"Le monde merveilleux des sir\u00e8nes ! Cours, anniversaires, enterrements de vie de jeune fille - enfant ou adulte, venez apprendre \u00e0 nager avec une queue de sir\u00e8ne.\" \/>\n<meta property=\"og:url\" content=\"https:\/\/sirenestory.ch\/\" \/>\n<meta property=\"og:site_name\" content=\"une histoire de sir\u00e8nes ...\" \/>\n<meta property=\"article:modified_time\" content=\"2018-09-17T10:03:48+00:00\" \/>\n<meta name=\"twitter:card\" content=\"summary_large_image\" \/>\n<script type=\"application\/ld+json\" class=\"yoast-schema-graph\">{\"@context\":\"https:\/\/schema.org\",\"@graph\":[{\"@type\":[\"Person\",\"Organization\"],\"@id\":\"https:\/\/sirenestory.ch\/#\/schema\/person\/c4bed59c1e345d69f72caa0f75d011cc\",\"name\":\"Sandrine Germanier\",\"image\":{\"@type\":\"ImageObject\",\"@id\":\"https:\/\/sirenestory.ch\/#personlogo\",\"inLanguage\":\"fr-FR\",\"url\":\"https:\/\/secure.gravatar.com\/avatar\/75667999e326e6b1d02b7ae6f81b5b50?s=96&d=mm&r=g\",\"contentUrl\":\"https:\/\/secure.gravatar.com\/avatar\/75667999e326e6b1d02b7ae6f81b5b50?s=96&d=mm&r=g\",\"caption\":\"Sandrine Germanier\"},\"logo\":{\"@id\":\"https:\/\/sirenestory.ch\/#personlogo\"},\"sameAs\":[\"http:\/\/www.sirenestory.ch\"]},{\"@type\":\"WebSite\",\"@id\":\"https:\/\/sirenestory.ch\/#website\",\"url\":\"https:\/\/sirenestory.ch\/\",\"name\":\"une histoire de sir\\u00e8nes ...\",\"description\":\"Osez le r\\u00eave, plongez avec nous !\",\"publisher\":{\"@id\":\"https:\/\/sirenestory.ch\/#\/schema\/person\/c4bed59c1e345d69f72caa0f75d011cc\"},\"potentialAction\":[{\"@type\":\"SearchAction\",\"target\":{\"@type\":\"EntryPoint\",\"urlTemplate\":\"https:\/\/sirenestory.ch\/?s={search_term_string}\"},\"query-input\":\"required name=search_term_string\"}],\"inLanguage\":\"fr-FR\"},{\"@type\":\"WebPage\",\"@id\":\"https:\/\/sirenestory.ch\/#webpage\",\"url\":\"https:\/\/sirenestory.ch\/\",\"name\":\"- une histoire de sir\\u00e8nes ...\",\"isPartOf\":{\"@id\":\"https:\/\/sirenestory.ch\/#website\"},\"datePublished\":\"2018-08-30T13:54:08+00:00\",\"dateModified\":\"2018-09-17T10:03:48+00:00\",\"description\":\"Le monde merveilleux des sir\\u00e8nes ! Cours, anniversaires, enterrements de vie de jeune fille - enfant ou adulte, venez apprendre \\u00e0 nager avec une queue de sir\\u00e8ne.\",\"breadcrumb\":{\"@id\":\"https:\/\/sirenestory.ch\/#breadcrumb\"},\"inLanguage\":\"fr-FR\",\"potentialAction\":[{\"@type\":\"ReadAction\",\"target\":[\"https:\/\/sirenestory.ch\/\"]}]},{\"@type\":\"BreadcrumbList\",\"@id\":\"https:\/\/sirenestory.ch\/#breadcrumb\",\"itemListElement\":[{\"@type\":\"ListItem\",\"position\":1,\"name\":\"Accueil\",\"item\":\"https:\/\/sirenestory.ch\/\"},{\"@type\":\"ListItem\",\"position\":2,\"name\":\"\"}]}]}<\/script>\n<!-- \/ Yoast SEO plugin. -->","yoast_head_json":{"title":"- une histoire de sir\u00e8nes ...","description":"Le monde merveilleux des sir\u00e8nes ! Cours, anniversaires, enterrements de vie de jeune fille - enfant ou adulte, venez apprendre \u00e0 nager avec une queue de sir\u00e8ne.","robots":{"index":"index","follow":"follow","max-snippet":"max-snippet:-1","max-image-preview":"max-image-preview:large","max-video-preview":"max-video-preview:-1"},"canonical":"https:\/\/sirenestory.ch\/","og_locale":"fr_FR","og_type":"article","og_title":"- une histoire de sir\u00e8nes ...","og_description":"Le monde merveilleux des sir\u00e8nes ! Cours, anniversaires, enterrements de vie de jeune fille - enfant ou adulte, venez apprendre \u00e0 nager avec une queue de sir\u00e8ne.","og_url":"https:\/\/sirenestory.ch\/","og_site_name":"une histoire de sir\u00e8nes ...","article_modified_time":"2018-09-17T10:03:48+00:00","twitter_card":"summary_large_image","schema":{"@context":"https:\/\/schema.org","@graph":[{"@type":["Person","Organization"],"@id":"https:\/\/sirenestory.ch\/#\/schema\/person\/c4bed59c1e345d69f72caa0f75d011cc","name":"Sandrine Germanier","image":{"@type":"ImageObject","@id":"https:\/\/sirenestory.ch\/#personlogo","inLanguage":"fr-FR","url":"https:\/\/secure.gravatar.com\/avatar\/75667999e326e6b1d02b7ae6f81b5b50?s=96&d=mm&r=g","contentUrl":"https:\/\/secure.gravatar.com\/avatar\/75667999e326e6b1d02b7ae6f81b5b50?s=96&d=mm&r=g","caption":"Sandrine Germanier"},"logo":{"@id":"https:\/\/sirenestory.ch\/#personlogo"},"sameAs":["http:\/\/www.sirenestory.ch"]},{"@type":"WebSite","@id":"https:\/\/sirenestory.ch\/#website","url":"https:\/\/sirenestory.ch\/","name":"une histoire de sir\u00e8nes ...","description":"Osez le r\u00eave, plongez avec nous !","publisher":{"@id":"https:\/\/sirenestory.ch\/#\/schema\/person\/c4bed59c1e345d69f72caa0f75d011cc"},"potentialAction":[{"@type":"SearchAction","target":{"@type":"EntryPoint","urlTemplate":"https:\/\/sirenestory.ch\/?s={search_term_string}"},"query-input":"required name=search_term_string"}],"inLanguage":"fr-FR"},{"@type":"WebPage","@id":"https:\/\/sirenestory.ch\/#webpage","url":"https:\/\/sirenestory.ch\/","name":"- une histoire de sir\u00e8nes ...","isPartOf":{"@id":"https:\/\/sirenestory.ch\/#website"},"datePublished":"2018-08-30T13:54:08+00:00","dateModified":"2018-09-17T10:03:48+00:00","description":"Le monde merveilleux des sir\u00e8nes ! Cours, anniversaires, enterrements de vie de jeune fille - enfant ou adulte, venez apprendre \u00e0 nager avec une queue de sir\u00e8ne.","breadcrumb":{"@id":"https:\/\/sirenestory.ch\/#breadcrumb"},"inLanguage":"fr-FR","potentialAction":[{"@type":"ReadAction","target":["https:\/\/sirenestory.ch\/"]}]},{"@type":"BreadcrumbList","@id":"https:\/\/sirenestory.ch\/#breadcrumb","itemListElement":[{"@type":"ListItem","position":1,"name":"Accueil","item":"https:\/\/sirenestory.ch\/"},{"@type":"ListItem","position":2,"name":""}]}]}},"_links":{"self":[{"href":"https:\/\/sirenestory.ch\/index.php?rest_route=\/wp\/v2\/pages\/447"}],"collection":[{"href":"https:\/\/sirenestory.ch\/index.php?rest_route=\/wp\/v2\/pages"}],"about":[{"href":"https:\/\/sirenestory.ch\/index.php?rest_route=\/wp\/v2\/types\/page"}],"author":[{"embeddable":true,"href":"https:\/\/sirenestory.ch\/index.php?rest_route=\/wp\/v2\/users\/1"}],"replies":[{"embeddable":true,"href":"https:\/\/sirenestory.ch\/index.php?rest_route=%2Fwp%2Fv2%2Fcomments&post=447"}],"version-history":[{"count":7,"href":"https:\/\/sirenestory.ch\/index.php?rest_route=\/wp\/v2\/pages\/447\/revisions"}],"predecessor-version":[{"id":486,"href":"https:\/\/sirenestory.ch\/index.php?rest_route=\/wp\/v2\/pages\/447\/revisions\/486"}],"wp:attachment":[{"href":"https:\/\/sirenestory.ch\/index.php?rest_route=%2Fwp%2Fv2%2Fmedia&parent=447"}],"curies":[{"name":"wp","href":"https:\/\/api.w.org\/{rel}","templated":true}]}}